{"id":2,"date":"2026-01-24T00:41:34","date_gmt":"2026-01-23T23:41:34","guid":{"rendered":"http:\/\/romix-palety.pl\/?page_id=2"},"modified":"2026-02-27T20:25:47","modified_gmt":"2026-02-27T19:25:47","slug":"przykladowa-strona","status":"publish","type":"page","link":"https:\/\/romix-palety.pl\/","title":{"rendered":"Palety"},"content":{"rendered":"\n<div style=\"height:100px\" aria-hidden=\"true\" class=\"wp-block-spacer\"><\/div>\n\n\n\n<h2 class=\"wp-block-heading has-inter-font-family has-x-large-font-size\" id=\"onas\">O nas<\/h2>\n\n\n\n<div style=\"height:100px\" aria-hidden=\"true\" class=\"wp-block-spacer\"><\/div>\n\n\n\n<div class=\"wp-block-group has-global-padding is-layout-constrained wp-container-core-group-is-layout-be04af43 wp-block-group-is-layout-constrained\" style=\"margin-top:0;margin-bottom:0\">\n<div class=\"wp-block-media-text alignfull is-stacked-on-mobile is-vertically-aligned-center is-image-fill-element has-background has-medium-font-size\" style=\"border-style:none;border-width:0px;border-top-left-radius:19px;border-top-right-radius:19px;border-bottom-left-radius:19px;border-bottom-right-radius:19px;background-color:#eeeeeeed;margin-top:0;margin-right:0;margin-bottom:0;margin-left:0;padding-top:0;padding-bottom:0\"><figure class=\"wp-block-media-text__media\"><img fetchpriority=\"high\" decoding=\"async\" width=\"1024\" height=\"683\" src=\"https:\/\/romix-palety.pl\/wp-content\/uploads\/2026\/02\/ChatGPT-Image-23-lut-2026-21_38_23-1024x683.png\" alt=\"\" class=\"wp-image-127 size-full\" style=\"object-position:50% 50%\" srcset=\"https:\/\/romix-palety.pl\/wp-content\/uploads\/2026\/02\/ChatGPT-Image-23-lut-2026-21_38_23-1024x683.png 1024w, https:\/\/romix-palety.pl\/wp-content\/uploads\/2026\/02\/ChatGPT-Image-23-lut-2026-21_38_23-300x200.png 300w, https:\/\/romix-palety.pl\/wp-content\/uploads\/2026\/02\/ChatGPT-Image-23-lut-2026-21_38_23-768x512.png 768w, https:\/\/romix-palety.pl\/wp-content\/uploads\/2026\/02\/ChatGPT-Image-23-lut-2026-21_38_23.png 1536w\" sizes=\"(max-width: 1024px) 100vw, 1024px\" \/><\/figure><div class=\"wp-block-media-text__content\">\n<p class=\"has-text-align-left\" style=\"font-style:italic;font-weight:400\">Jeste\u015bmy <strong>producentem opakowa\u0144 drewnianych i palet<\/strong>, kt\u00f3ry od lat dostarcza solidne i bezpieczne rozwi\u0105zania dla firm z r\u00f3\u017cnych bran\u017c. Specjalizujemy si\u0119 w produkcji palet oraz opakowa\u0144 dostosowanych do indywidualnych potrzeb klient\u00f3w \u2013 zar\u00f3wno na rynek krajowy, jak i zagraniczny.<\/p>\n\n\n\n<p class=\"has-text-align-left\" style=\"font-style:italic;font-weight:400\">Dysponujemy w\u0142asn\u0105 suszarni\u0105 drewna oraz certyfikatem <strong>IPPC<\/strong>, co pozwala nam spe\u0142nia\u0107 mi\u0119dzynarodowe normy transportowe i eksportowe. Dzi\u0119ki temu nasze produkty s\u0105 bezpieczne, trwa\u0142e i gotowe do u\u017cycia w transporcie mi\u0119dzynarodowym.<\/p>\n\n\n\n<p class=\"has-text-align-left\" style=\"font-style:italic;font-weight:400\">Stawiamy na jako\u015b\u0107 surowca, precyzj\u0119 wykonania oraz terminowo\u015b\u0107 realizacji zam\u00f3wie\u0144. \u0141\u0105czymy do\u015bwiadczenie z nowoczesnym zapleczem technicznym, aby dostarcza\u0107 opakowania drewniane spe\u0142niaj\u0105ce najwy\u017csze standardy.<\/p>\n<\/div><\/div>\n<\/div>\n\n\n\n<div style=\"height:100px\" aria-hidden=\"true\" class=\"wp-block-spacer\"><\/div>\n\n\n\n<h2 class=\"wp-block-heading has-inter-font-family has-x-large-font-size\" id=\"oferta\">Oferta<\/h2>\n\n\n\n<div class=\"wp-block-group has-global-padding is-layout-constrained wp-container-core-group-is-layout-3fc44c85 wp-block-group-is-layout-constrained\" style=\"margin-top:var(--wp--preset--spacing--60);margin-bottom:var(--wp--preset--spacing--60)\">\n<div class=\"wp-block-columns is-layout-flex wp-container-core-columns-is-layout-3b6ede9b wp-block-columns-is-layout-flex\" style=\"margin-top:var(--wp--preset--spacing--30);margin-bottom:var(--wp--preset--spacing--30);padding-top:0;padding-right:0;padding-bottom:0;padding-left:0\">\n<div class=\"wp-block-column is-layout-flow wp-block-column-is-layout-flow\">\n<figure class=\"wp-block-image size-large has-custom-border\"><img decoding=\"async\" width=\"1024\" height=\"983\" src=\"https:\/\/romix-palety.pl\/wp-content\/uploads\/2026\/01\/1-01-1024x983.png\" alt=\"\" class=\"wp-image-23\" style=\"border-top-left-radius:15px;border-top-right-radius:15px;border-bottom-left-radius:15px;border-bottom-right-radius:15px\" srcset=\"https:\/\/romix-palety.pl\/wp-content\/uploads\/2026\/01\/1-01-1024x983.png 1024w, https:\/\/romix-palety.pl\/wp-content\/uploads\/2026\/01\/1-01-300x288.png 300w, https:\/\/romix-palety.pl\/wp-content\/uploads\/2026\/01\/1-01-768x737.png 768w, https:\/\/romix-palety.pl\/wp-content\/uploads\/2026\/01\/1-01-1536x1474.png 1536w, https:\/\/romix-palety.pl\/wp-content\/uploads\/2026\/01\/1-01-2048x1966.png 2048w\" sizes=\"(max-width: 1024px) 100vw, 1024px\" \/><\/figure>\n\n\n\n<p class=\"has-text-align-center has-text-color has-link-color has-medium-font-size wp-elements-4838e97ec54f90361d52f9d973bd2aa4\" style=\"color:#715e39;font-style:normal;font-weight:700\">palety drewniane<\/p>\n<\/div>\n\n\n\n<div class=\"wp-block-column is-layout-flow wp-block-column-is-layout-flow\">\n<figure class=\"wp-block-image size-large has-custom-border\"><img decoding=\"async\" width=\"1024\" height=\"989\" src=\"https:\/\/romix-palety.pl\/wp-content\/uploads\/2026\/01\/2-01-1024x989.png\" alt=\"\" class=\"wp-image-24\" style=\"border-top-left-radius:15px;border-top-right-radius:15px;border-bottom-left-radius:15px;border-bottom-right-radius:15px\" srcset=\"https:\/\/romix-palety.pl\/wp-content\/uploads\/2026\/01\/2-01-1024x989.png 1024w, https:\/\/romix-palety.pl\/wp-content\/uploads\/2026\/01\/2-01-300x290.png 300w, https:\/\/romix-palety.pl\/wp-content\/uploads\/2026\/01\/2-01-768x741.png 768w, https:\/\/romix-palety.pl\/wp-content\/uploads\/2026\/01\/2-01-1536x1483.png 1536w, https:\/\/romix-palety.pl\/wp-content\/uploads\/2026\/01\/2-01-2048x1977.png 2048w\" sizes=\"(max-width: 1024px) 100vw, 1024px\" \/><\/figure>\n\n\n\n<p class=\"has-text-align-center has-text-color has-link-color has-medium-font-size wp-elements-bee173f19d4002bf7fc763916f200bff\" style=\"color:#715e39;font-style:normal;font-weight:700\">opakowania drewniane na wymiar<\/p>\n<\/div>\n\n\n\n<div class=\"wp-block-column is-layout-flow wp-block-column-is-layout-flow\">\n<figure class=\"wp-block-image size-large has-custom-border\"><img loading=\"lazy\" decoding=\"async\" width=\"1024\" height=\"991\" src=\"https:\/\/romix-palety.pl\/wp-content\/uploads\/2026\/01\/3-01-1024x991.png\" alt=\"\" class=\"wp-image-25\" style=\"border-top-left-radius:15px;border-top-right-radius:15px;border-bottom-left-radius:15px;border-bottom-right-radius:15px\" srcset=\"https:\/\/romix-palety.pl\/wp-content\/uploads\/2026\/01\/3-01-1024x991.png 1024w, https:\/\/romix-palety.pl\/wp-content\/uploads\/2026\/01\/3-01-300x290.png 300w, https:\/\/romix-palety.pl\/wp-content\/uploads\/2026\/01\/3-01-768x744.png 768w, https:\/\/romix-palety.pl\/wp-content\/uploads\/2026\/01\/3-01-1536x1487.png 1536w, https:\/\/romix-palety.pl\/wp-content\/uploads\/2026\/01\/3-01-2048x1983.png 2048w\" sizes=\"(max-width: 1024px) 100vw, 1024px\" \/><\/figure>\n\n\n\n<p class=\"has-text-align-center has-text-color has-link-color has-medium-font-size wp-elements-fcdfe47275372ab1113185128b920179\" style=\"color:#715e39;font-style:normal;font-weight:700\">p<strong>alety i opakowania z drewna suszonego<\/strong><\/p>\n<\/div>\n\n\n\n<div class=\"wp-block-column is-layout-flow wp-block-column-is-layout-flow\">\n<figure class=\"wp-block-image size-large has-custom-border\"><img loading=\"lazy\" decoding=\"async\" width=\"1024\" height=\"985\" src=\"https:\/\/romix-palety.pl\/wp-content\/uploads\/2026\/01\/4-01-1024x985.png\" alt=\"\" class=\"wp-image-26\" style=\"border-top-left-radius:15px;border-top-right-radius:15px;border-bottom-left-radius:15px;border-bottom-right-radius:15px\" srcset=\"https:\/\/romix-palety.pl\/wp-content\/uploads\/2026\/01\/4-01-1024x985.png 1024w, https:\/\/romix-palety.pl\/wp-content\/uploads\/2026\/01\/4-01-300x289.png 300w, https:\/\/romix-palety.pl\/wp-content\/uploads\/2026\/01\/4-01-768x739.png 768w, https:\/\/romix-palety.pl\/wp-content\/uploads\/2026\/01\/4-01-1536x1478.png 1536w, https:\/\/romix-palety.pl\/wp-content\/uploads\/2026\/01\/4-01-2048x1971.png 2048w\" sizes=\"(max-width: 1024px) 100vw, 1024px\" \/><\/figure>\n\n\n\n<p class=\"has-text-align-center has-text-color has-link-color has-medium-font-size wp-elements-2517ddd4aa57df7b56d78996dc0694f9\" style=\"color:#715e39;font-style:normal;font-weight:700\">obr\u00f3bk\u0119 fitosanitarn\u0105 IPPC<\/p>\n<\/div>\n<\/div>\n\n\n\n<div style=\"aspect-ratio:auto;min-height:unset;\" class=\"wp-block-cover is-light has-aspect-ratio\"><span aria-hidden=\"true\" class=\"wp-block-cover__background has-white-background-color has-background-dim-100 has-background-dim\"><\/span><div class=\"wp-block-cover__inner-container has-global-padding is-layout-constrained wp-container-core-cover-is-layout-d3543a3b wp-block-cover-is-layout-constrained\">\n<p class=\"has-text-align-center has-large-font-size\"><\/p>\n<\/div><\/div>\n<\/div>\n\n\n\n<p class=\"has-text-align-center has-text-color has-link-color has-medium-font-size wp-elements-a86ee2b25d6c205a52ecd5c24cc14706\" style=\"color:#715e39;font-style:normal;font-weight:700;line-height:1.6\">Ka\u017cde zlecenie traktujemy indywidualnie, dobieraj\u0105c odpowiednie rozwi\u0105zania pod k\u0105tem rodzaju towaru, sposobu transportu oraz oczekiwa\u0144 klienta.<\/p>\n\n\n\n<div style=\"height:100px\" aria-hidden=\"true\" class=\"wp-block-spacer\"><\/div>\n\n\n\n<h2 class=\"wp-block-heading has-inter-font-family has-x-large-font-size\">Dlaczego Romix?<\/h2>\n\n\n\n<div style=\"height:100px\" aria-hidden=\"true\" class=\"wp-block-spacer\"><\/div>\n\n\n\n<div class=\"wp-block-group has-global-padding is-content-justification-left is-layout-constrained wp-container-core-group-is-layout-94e66108 wp-block-group-is-layout-constrained\" style=\"margin-top:0;margin-bottom:0\">\n<div class=\"wp-block-group alignfull is-horizontal is-content-justification-left is-nowrap is-layout-flex wp-container-core-group-is-layout-638eba1c wp-block-group-is-layout-flex\" style=\"min-height:0px;margin-top:0;margin-bottom:0;padding-top:0;padding-bottom:0;line-height:1.5\">\n<figure class=\"wp-block-image size-thumbnail is-style-default\"><img loading=\"lazy\" decoding=\"async\" width=\"150\" height=\"150\" src=\"http:\/\/romix-palety.pl\/wp-content\/uploads\/2026\/02\/Euro-paleta-v2-1-150x150.png\" alt=\"\" class=\"wp-image-129\" style=\"aspect-ratio:1;object-fit:cover\" srcset=\"https:\/\/romix-palety.pl\/wp-content\/uploads\/2026\/02\/Euro-paleta-v2-1-150x150.png 150w, https:\/\/romix-palety.pl\/wp-content\/uploads\/2026\/02\/Euro-paleta-v2-1-300x300.png 300w, https:\/\/romix-palety.pl\/wp-content\/uploads\/2026\/02\/Euro-paleta-v2-1-768x768.png 768w, https:\/\/romix-palety.pl\/wp-content\/uploads\/2026\/02\/Euro-paleta-v2-1.png 1024w\" sizes=\"(max-width: 150px) 100vw, 150px\" \/><\/figure>\n\n\n\n<p class=\"has-text-align-left has-text-color has-link-color has-medium-font-size wp-elements-306fe8285320722be2f1445a1218f434 wp-container-content-958eb9dc\" style=\"color:#715e39;font-style:normal;font-weight:700\">W\u0142asna suszarnia drewna<\/p>\n<\/div>\n\n\n\n<div class=\"wp-block-group alignfull is-horizontal is-content-justification-left is-nowrap is-layout-flex wp-container-core-group-is-layout-638eba1c wp-block-group-is-layout-flex\" style=\"min-height:0px;margin-top:0;margin-bottom:0;padding-top:0;padding-bottom:0;line-height:1.5\">\n<figure class=\"wp-block-image size-thumbnail is-style-default\"><img loading=\"lazy\" decoding=\"async\" width=\"150\" height=\"150\" src=\"http:\/\/romix-palety.pl\/wp-content\/uploads\/2026\/02\/Euro-paleta-v2-1-150x150.png\" alt=\"\" class=\"wp-image-129\" style=\"aspect-ratio:1;object-fit:cover\" srcset=\"https:\/\/romix-palety.pl\/wp-content\/uploads\/2026\/02\/Euro-paleta-v2-1-150x150.png 150w, https:\/\/romix-palety.pl\/wp-content\/uploads\/2026\/02\/Euro-paleta-v2-1-300x300.png 300w, https:\/\/romix-palety.pl\/wp-content\/uploads\/2026\/02\/Euro-paleta-v2-1-768x768.png 768w, https:\/\/romix-palety.pl\/wp-content\/uploads\/2026\/02\/Euro-paleta-v2-1.png 1024w\" sizes=\"(max-width: 150px) 100vw, 150px\" \/><\/figure>\n\n\n\n<p class=\"has-text-color has-link-color has-medium-font-size wp-elements-04d87bcf0b70433fb229f7e74221bef3 wp-container-content-958eb9dc\" style=\"color:#715e39;font-style:normal;font-weight:700\">Certyfikat IPPC (HT)<\/p>\n<\/div>\n\n\n\n<div class=\"wp-block-group alignfull is-horizontal is-content-justification-left is-nowrap is-layout-flex wp-container-core-group-is-layout-638eba1c wp-block-group-is-layout-flex\" style=\"min-height:0px;margin-top:0;margin-bottom:0;padding-top:0;padding-bottom:0;line-height:1.5\">\n<figure class=\"wp-block-image size-thumbnail\"><img loading=\"lazy\" decoding=\"async\" width=\"150\" height=\"150\" src=\"http:\/\/romix-palety.pl\/wp-content\/uploads\/2026\/02\/Euro-paleta-v2-1-150x150.png\" alt=\"\" class=\"wp-image-129\" style=\"aspect-ratio:1;object-fit:cover\" srcset=\"https:\/\/romix-palety.pl\/wp-content\/uploads\/2026\/02\/Euro-paleta-v2-1-150x150.png 150w, https:\/\/romix-palety.pl\/wp-content\/uploads\/2026\/02\/Euro-paleta-v2-1-300x300.png 300w, https:\/\/romix-palety.pl\/wp-content\/uploads\/2026\/02\/Euro-paleta-v2-1-768x768.png 768w, https:\/\/romix-palety.pl\/wp-content\/uploads\/2026\/02\/Euro-paleta-v2-1.png 1024w\" sizes=\"(max-width: 150px) 100vw, 150px\" \/><\/figure>\n\n\n\n<p class=\"has-text-align-left has-text-color has-link-color has-medium-font-size wp-elements-c8373023a513d9ac3da32860989c7424 wp-container-content-958eb9dc\" style=\"color:#715e39;font-style:normal;font-weight:700\">Terminowo\u015b\u0107 i elastyczno\u015b\u0107<\/p>\n<\/div>\n\n\n\n<div class=\"wp-block-group alignfull is-horizontal is-content-justification-left is-nowrap is-layout-flex wp-container-core-group-is-layout-638eba1c wp-block-group-is-layout-flex\" style=\"min-height:0px;margin-top:0;margin-bottom:0;padding-top:0;padding-bottom:0;line-height:1.5\">\n<figure class=\"wp-block-image size-thumbnail\" style=\"margin-top:0;margin-bottom:0\"><img loading=\"lazy\" decoding=\"async\" width=\"150\" height=\"150\" src=\"http:\/\/romix-palety.pl\/wp-content\/uploads\/2026\/02\/Euro-paleta-v2-1-150x150.png\" alt=\"\" class=\"wp-image-129\" style=\"aspect-ratio:1;object-fit:cover\" srcset=\"https:\/\/romix-palety.pl\/wp-content\/uploads\/2026\/02\/Euro-paleta-v2-1-150x150.png 150w, https:\/\/romix-palety.pl\/wp-content\/uploads\/2026\/02\/Euro-paleta-v2-1-300x300.png 300w, https:\/\/romix-palety.pl\/wp-content\/uploads\/2026\/02\/Euro-paleta-v2-1-768x768.png 768w, https:\/\/romix-palety.pl\/wp-content\/uploads\/2026\/02\/Euro-paleta-v2-1.png 1024w\" sizes=\"(max-width: 150px) 100vw, 150px\" \/><\/figure>\n\n\n\n<p class=\"has-text-align-left has-text-color has-link-color has-medium-font-size wp-elements-15376553371244652a7bbc89ebeaecad wp-container-content-958eb9dc\" style=\"color:#715e39;font-style:normal;font-weight:700\">Do\u015bwiadczenie i fachowe doradztwo<\/p>\n<\/div>\n<\/div>\n\n\n\n<div style=\"height:100px\" aria-hidden=\"true\" class=\"wp-block-spacer\"><\/div>\n\n\n\n<p class=\"has-text-align-center has-text-color has-link-color has-medium-font-size wp-elements-2f200ea80bfc90aa5c5d4f8bf6feb005\" style=\"color:#715e39;font-style:normal;font-weight:700;line-height:2\">Wybieraj\u0105c nasz\u0105 firm\u0119, zyskujesz sprawdzonego partnera, kt\u00f3ry zadba o bezpiecze\u0144stwo Twojego towaru na ka\u017cdym etapie transportu.<\/p>\n\n\n\n<div style=\"height:100px\" aria-hidden=\"true\" class=\"wp-block-spacer\"><\/div>\n\n\n\n<h2 class=\"wp-block-heading has-inter-font-family has-x-large-font-size\" id=\"kontakt\">Kontakt<\/h2>\n\n\n\n<div class=\"wp-block-group has-global-padding is-content-justification-left is-layout-constrained wp-container-core-group-is-layout-c54d1fe6 wp-block-group-is-layout-constrained\" style=\"margin-top:var(--wp--preset--spacing--50);margin-bottom:var(--wp--preset--spacing--50)\">\n<div class=\"wp-block-columns is-layout-flex wp-container-core-columns-is-layout-45c10ec9 wp-block-columns-is-layout-flex\" style=\"margin-top:var(--wp--preset--spacing--60);margin-bottom:var(--wp--preset--spacing--60)\">\n<div class=\"wp-block-column is-layout-flow wp-block-column-is-layout-flow\">\n<div class=\"wp-block-buttons has-custom-font-size has-medium-font-size is-layout-flex wp-block-buttons-is-layout-flex\">\n<div class=\"wp-block-button\"><a class=\"wp-block-button__link wp-element-button\">Masz pytania? Skontaktuj si\u0119 z nami!<\/a><\/div>\n<\/div>\n\n\n\n<p class=\"has-medium-font-size\"><\/p>\n\n\n\n<p class=\"has-medium-font-size\">e-mail: kontakt@romix-palety.pl<\/p>\n\n\n\n<p class=\"has-medium-font-size\">tel.: 660 734 685<\/p>\n<\/div>\n\n\n\n<div class=\"wp-block-column is-layout-flow wp-block-column-is-layout-flow\">\n<p class=\"has-medium-font-size\" style=\"font-style:normal;font-weight:900\">Romix Roman Pietryga <\/p>\n\n\n\n<p class=\"has-medium-font-size\" style=\"font-style:normal;font-weight:900\">Dworcowa 7\/1<\/p>\n\n\n\n<p class=\"has-medium-font-size\" style=\"font-style:normal;font-weight:900\">14-310 Mi\u0142akowo<\/p>\n\n\n\n<p class=\"has-medium-font-size\" style=\"font-style:normal;font-weight:900\"><strong>NIP: 7411904333<\/strong><\/p>\n<\/div>\n<\/div>\n<\/div>\n","protected":false},"excerpt":{"rendered":"<p>O nas Jeste\u015bmy producentem opakowa\u0144 drewnianych i palet, kt\u00f3ry od lat dostarcza solidne i bezpieczne rozwi\u0105zania dla firm z r\u00f3\u017cnych bran\u017c. Specjalizujemy si\u0119 w produkcji palet oraz opakowa\u0144 dostosowanych do indywidualnych potrzeb klient\u00f3w \u2013 zar\u00f3wno na rynek krajowy, jak i zagraniczny. Dysponujemy w\u0142asn\u0105 suszarni\u0105 drewna oraz certyfikatem IPPC, co pozwala nam spe\u0142nia\u0107 mi\u0119dzynarodowe normy transportowe [&hellip;]<\/p>\n","protected":false},"author":1,"featured_media":0,"parent":0,"menu_order":0,"comment_status":"closed","ping_status":"open","template":"","meta":{"_themeisle_gutenberg_block_has_review":false,"footnotes":""},"class_list":["post-2","page","type-page","status-publish","hentry"],"yoast_head":"<!-- This site is optimized with the Yoast SEO plugin v26.8 - https:\/\/yoast.com\/product\/yoast-seo-wordpress\/ -->\n<title>Palety - Romix<\/title>\n<meta name=\"robots\" content=\"index, follow, max-snippet:-1, max-image-preview:large, max-video-preview:-1\" \/>\n<link rel=\"canonical\" href=\"http:\/\/romix-palety.pl\/\" \/>\n<meta property=\"og:locale\" content=\"en_US\" \/>\n<meta property=\"og:type\" content=\"article\" \/>\n<meta property=\"og:title\" content=\"Palety - Romix\" \/>\n<meta property=\"og:description\" content=\"O nas Jeste\u015bmy producentem opakowa\u0144 drewnianych i palet, kt\u00f3ry od lat dostarcza solidne i bezpieczne rozwi\u0105zania dla firm z r\u00f3\u017cnych bran\u017c. Specjalizujemy si\u0119 w produkcji palet oraz opakowa\u0144 dostosowanych do indywidualnych potrzeb klient\u00f3w \u2013 zar\u00f3wno na rynek krajowy, jak i zagraniczny. Dysponujemy w\u0142asn\u0105 suszarni\u0105 drewna oraz certyfikatem IPPC, co pozwala nam spe\u0142nia\u0107 mi\u0119dzynarodowe normy transportowe [&hellip;]\" \/>\n<meta property=\"og:url\" content=\"http:\/\/romix-palety.pl\/\" \/>\n<meta property=\"og:site_name\" content=\"Romix\" \/>\n<meta property=\"article:modified_time\" content=\"2026-02-27T19:25:47+00:00\" \/>\n<meta property=\"og:image\" content=\"https:\/\/romix-palety.pl\/wp-content\/uploads\/2026\/02\/ChatGPT-Image-23-lut-2026-21_38_23-1024x683.png\" \/>\n<meta name=\"twitter:label1\" content=\"Est. reading time\" \/>\n\t<meta name=\"twitter:data1\" content=\"3 minutes\" \/>\n<script type=\"application\/ld+json\" class=\"yoast-schema-graph\">{\"@context\":\"https:\/\/schema.org\",\"@graph\":[{\"@type\":\"WebPage\",\"@id\":\"http:\/\/romix-palety.pl\/\",\"url\":\"http:\/\/romix-palety.pl\/\",\"name\":\"Palety - Romix\",\"isPartOf\":{\"@id\":\"http:\/\/romix-palety.pl\/#website\"},\"primaryImageOfPage\":{\"@id\":\"http:\/\/romix-palety.pl\/#primaryimage\"},\"image\":{\"@id\":\"http:\/\/romix-palety.pl\/#primaryimage\"},\"thumbnailUrl\":\"https:\/\/romix-palety.pl\/wp-content\/uploads\/2026\/02\/ChatGPT-Image-23-lut-2026-21_38_23-1024x683.png\",\"datePublished\":\"2026-01-23T23:41:34+00:00\",\"dateModified\":\"2026-02-27T19:25:47+00:00\",\"breadcrumb\":{\"@id\":\"http:\/\/romix-palety.pl\/#breadcrumb\"},\"inLanguage\":\"en-US\",\"potentialAction\":[{\"@type\":\"ReadAction\",\"target\":[\"http:\/\/romix-palety.pl\/\"]}]},{\"@type\":\"ImageObject\",\"inLanguage\":\"en-US\",\"@id\":\"http:\/\/romix-palety.pl\/#primaryimage\",\"url\":\"https:\/\/romix-palety.pl\/wp-content\/uploads\/2026\/02\/ChatGPT-Image-23-lut-2026-21_38_23.png\",\"contentUrl\":\"https:\/\/romix-palety.pl\/wp-content\/uploads\/2026\/02\/ChatGPT-Image-23-lut-2026-21_38_23.png\",\"width\":1536,\"height\":1024},{\"@type\":\"BreadcrumbList\",\"@id\":\"http:\/\/romix-palety.pl\/#breadcrumb\",\"itemListElement\":[{\"@type\":\"ListItem\",\"position\":1,\"name\":\"Home\",\"item\":\"http:\/\/romix-palety.pl\/\"},{\"@type\":\"ListItem\",\"position\":2,\"name\":\"Palety\"}]},{\"@type\":\"WebSite\",\"@id\":\"http:\/\/romix-palety.pl\/#website\",\"url\":\"http:\/\/romix-palety.pl\/\",\"name\":\"Romix\",\"description\":\"\",\"publisher\":{\"@id\":\"http:\/\/romix-palety.pl\/#organization\"},\"potentialAction\":[{\"@type\":\"SearchAction\",\"target\":{\"@type\":\"EntryPoint\",\"urlTemplate\":\"http:\/\/romix-palety.pl\/?s={search_term_string}\"},\"query-input\":{\"@type\":\"PropertyValueSpecification\",\"valueRequired\":true,\"valueName\":\"search_term_string\"}}],\"inLanguage\":\"en-US\"},{\"@type\":\"Organization\",\"@id\":\"http:\/\/romix-palety.pl\/#organization\",\"name\":\"Romix\",\"url\":\"http:\/\/romix-palety.pl\/\",\"logo\":{\"@type\":\"ImageObject\",\"inLanguage\":\"en-US\",\"@id\":\"http:\/\/romix-palety.pl\/#\/schema\/logo\/image\/\",\"url\":\"https:\/\/romix-palety.pl\/wp-content\/uploads\/2026\/01\/Logo_strona_Obszar-roboczy-1-scaled.png\",\"contentUrl\":\"https:\/\/romix-palety.pl\/wp-content\/uploads\/2026\/01\/Logo_strona_Obszar-roboczy-1-scaled.png\",\"width\":2560,\"height\":1440,\"caption\":\"Romix\"},\"image\":{\"@id\":\"http:\/\/romix-palety.pl\/#\/schema\/logo\/image\/\"}}]}<\/script>\n<!-- \/ Yoast SEO plugin. -->","yoast_head_json":{"title":"Palety - Romix","robots":{"index":"index","follow":"follow","max-snippet":"max-snippet:-1","max-image-preview":"max-image-preview:large","max-video-preview":"max-video-preview:-1"},"canonical":"http:\/\/romix-palety.pl\/","og_locale":"en_US","og_type":"article","og_title":"Palety - Romix","og_description":"O nas Jeste\u015bmy producentem opakowa\u0144 drewnianych i palet, kt\u00f3ry od lat dostarcza solidne i bezpieczne rozwi\u0105zania dla firm z r\u00f3\u017cnych bran\u017c. Specjalizujemy si\u0119 w produkcji palet oraz opakowa\u0144 dostosowanych do indywidualnych potrzeb klient\u00f3w \u2013 zar\u00f3wno na rynek krajowy, jak i zagraniczny. Dysponujemy w\u0142asn\u0105 suszarni\u0105 drewna oraz certyfikatem IPPC, co pozwala nam spe\u0142nia\u0107 mi\u0119dzynarodowe normy transportowe [&hellip;]","og_url":"http:\/\/romix-palety.pl\/","og_site_name":"Romix","article_modified_time":"2026-02-27T19:25:47+00:00","og_image":[{"url":"https:\/\/romix-palety.pl\/wp-content\/uploads\/2026\/02\/ChatGPT-Image-23-lut-2026-21_38_23-1024x683.png","type":"","width":"","height":""}],"twitter_misc":{"Est. reading time":"3 minutes"},"schema":{"@context":"https:\/\/schema.org","@graph":[{"@type":"WebPage","@id":"http:\/\/romix-palety.pl\/","url":"http:\/\/romix-palety.pl\/","name":"Palety - Romix","isPartOf":{"@id":"http:\/\/romix-palety.pl\/#website"},"primaryImageOfPage":{"@id":"http:\/\/romix-palety.pl\/#primaryimage"},"image":{"@id":"http:\/\/romix-palety.pl\/#primaryimage"},"thumbnailUrl":"https:\/\/romix-palety.pl\/wp-content\/uploads\/2026\/02\/ChatGPT-Image-23-lut-2026-21_38_23-1024x683.png","datePublished":"2026-01-23T23:41:34+00:00","dateModified":"2026-02-27T19:25:47+00:00","breadcrumb":{"@id":"http:\/\/romix-palety.pl\/#breadcrumb"},"inLanguage":"en-US","potentialAction":[{"@type":"ReadAction","target":["http:\/\/romix-palety.pl\/"]}]},{"@type":"ImageObject","inLanguage":"en-US","@id":"http:\/\/romix-palety.pl\/#primaryimage","url":"https:\/\/romix-palety.pl\/wp-content\/uploads\/2026\/02\/ChatGPT-Image-23-lut-2026-21_38_23.png","contentUrl":"https:\/\/romix-palety.pl\/wp-content\/uploads\/2026\/02\/ChatGPT-Image-23-lut-2026-21_38_23.png","width":1536,"height":1024},{"@type":"BreadcrumbList","@id":"http:\/\/romix-palety.pl\/#breadcrumb","itemListElement":[{"@type":"ListItem","position":1,"name":"Home","item":"http:\/\/romix-palety.pl\/"},{"@type":"ListItem","position":2,"name":"Palety"}]},{"@type":"WebSite","@id":"http:\/\/romix-palety.pl\/#website","url":"http:\/\/romix-palety.pl\/","name":"Romix","description":"","publisher":{"@id":"http:\/\/romix-palety.pl\/#organization"},"potentialAction":[{"@type":"SearchAction","target":{"@type":"EntryPoint","urlTemplate":"http:\/\/romix-palety.pl\/?s={search_term_string}"},"query-input":{"@type":"PropertyValueSpecification","valueRequired":true,"valueName":"search_term_string"}}],"inLanguage":"en-US"},{"@type":"Organization","@id":"http:\/\/romix-palety.pl\/#organization","name":"Romix","url":"http:\/\/romix-palety.pl\/","logo":{"@type":"ImageObject","inLanguage":"en-US","@id":"http:\/\/romix-palety.pl\/#\/schema\/logo\/image\/","url":"https:\/\/romix-palety.pl\/wp-content\/uploads\/2026\/01\/Logo_strona_Obszar-roboczy-1-scaled.png","contentUrl":"https:\/\/romix-palety.pl\/wp-content\/uploads\/2026\/01\/Logo_strona_Obszar-roboczy-1-scaled.png","width":2560,"height":1440,"caption":"Romix"},"image":{"@id":"http:\/\/romix-palety.pl\/#\/schema\/logo\/image\/"}}]}},"_links":{"self":[{"href":"https:\/\/romix-palety.pl\/index.php?rest_route=\/wp\/v2\/pages\/2","targetHints":{"allow":["GET"]}}],"collection":[{"href":"https:\/\/romix-palety.pl\/index.php?rest_route=\/wp\/v2\/pages"}],"about":[{"href":"https:\/\/romix-palety.pl\/index.php?rest_route=\/wp\/v2\/types\/page"}],"author":[{"embeddable":true,"href":"https:\/\/romix-palety.pl\/index.php?rest_route=\/wp\/v2\/users\/1"}],"replies":[{"embeddable":true,"href":"https:\/\/romix-palety.pl\/index.php?rest_route=%2Fwp%2Fv2%2Fcomments&post=2"}],"version-history":[{"count":70,"href":"https:\/\/romix-palety.pl\/index.php?rest_route=\/wp\/v2\/pages\/2\/revisions"}],"predecessor-version":[{"id":152,"href":"https:\/\/romix-palety.pl\/index.php?rest_route=\/wp\/v2\/pages\/2\/revisions\/152"}],"wp:attachment":[{"href":"https:\/\/romix-palety.pl\/index.php?rest_route=%2Fwp%2Fv2%2Fmedia&parent=2"}],"curies":[{"name":"wp","href":"https:\/\/api.w.org\/{rel}","templated":true}]}}